{"id":80,"date":"2018-12-30T20:06:31","date_gmt":"2018-12-30T20:06:31","guid":{"rendered":"http:\/\/sfc.hcl.hr\/?page_id=80"},"modified":"2018-12-30T20:08:10","modified_gmt":"2018-12-30T20:08:10","slug":"sfc-rekrutanje","status":"publish","type":"page","link":"http:\/\/sfc.hcl.hr\/index.php\/sfc-rekrutanje\/","title":{"rendered":"SFC rekrutanje"},"content":{"rendered":"\n<p>Dobrodo\u0161li na rekruting sekciju klana Starcraft Freaks Clan!<\/p>\n\n\n\n<p>Kako bi postali \u010dlanom na\u0161eg klana ispunite dolje prikazani formular:<br><br><div class=\"frm_forms  with_frm_style frm_style_formidable-style\" id=\"frm_form_3_container\" >\n<form enctype=\"multipart\/form-data\" method=\"post\" class=\"frm-show-form \" id=\"form_gtvtn\"  >\n<div class=\"frm_form_fields \">\n<fieldset>\n<legend class=\"frm_screen_reader\">SFC rekrutanje<\/legend>\r\n\r\n<div class=\"frm_fields_container\">\n<input type=\"hidden\" name=\"frm_action\" value=\"create\" \/>\n<input type=\"hidden\" name=\"form_id\" value=\"3\" \/>\n<input type=\"hidden\" name=\"frm_hide_fields_3\" id=\"frm_hide_fields_3\" value=\"\" \/>\n<input type=\"hidden\" name=\"form_key\" value=\"gtvtn\" \/>\n<input type=\"hidden\" name=\"item_meta[0]\" value=\"\" \/>\n<input type=\"hidden\" id=\"frm_submit_entry_3\" name=\"frm_submit_entry_3\" value=\"f6068920a3\" \/><input type=\"hidden\" name=\"_wp_http_referer\" value=\"\/index.php\/wp-json\/wp\/v2\/pages\/80\" \/><div id=\"frm_field_12_container\" class=\"frm_form_field form-field  frm_required_field frm_top_container\">\r\n    <label for=\"field_n4mr2\" class=\"frm_primary_label\">Ime\r\n        <span class=\"frm_required\">*<\/span>\r\n    <\/label>\r\n    <input type=\"text\" id=\"field_n4mr2\" name=\"item_meta[12]\" value=\"\"  data-reqmsg=\"This field cannot be blank.\" aria-required=\"true\" data-invmsg=\"Text is invalid\" aria-invalid=\"false\"  \/>\r\n    \r\n    \r\n<\/div>\n<div id=\"frm_field_13_container\" class=\"frm_form_field form-field  frm_required_field frm_top_container\">\r\n    <label for=\"field_lw7nv\" class=\"frm_primary_label\">Prezime\r\n        <span class=\"frm_required\">*<\/span>\r\n    <\/label>\r\n    <input type=\"text\" id=\"field_lw7nv\" name=\"item_meta[13]\" value=\"\"  data-reqmsg=\"This field cannot be blank.\" aria-required=\"true\" data-invmsg=\"Text is invalid\" aria-invalid=\"false\"  \/>\r\n    \r\n    \r\n<\/div>\n<div id=\"frm_field_14_container\" class=\"frm_form_field form-field  frm_required_field frm_top_container\">\r\n    <label for=\"field_61g5h\" class=\"frm_primary_label\">Nickname\r\n        <span class=\"frm_required\">*<\/span>\r\n    <\/label>\r\n    <input type=\"text\" id=\"field_61g5h\" name=\"item_meta[14]\" value=\"\"  data-reqmsg=\"This field cannot be blank.\" aria-required=\"true\" data-invmsg=\"Text is invalid\" aria-invalid=\"false\"  \/>\r\n    \r\n    \r\n<\/div>\n<div id=\"frm_field_20_container\" class=\"frm_form_field form-field  frm_top_container\">\r\n    <label for=\"field_xoei4\" class=\"frm_primary_label\">Discord account\r\n        <span class=\"frm_required\"><\/span>\r\n    <\/label>\r\n    <input type=\"text\" id=\"field_xoei4\" name=\"item_meta[20]\" value=\"\"  data-invmsg=\"Text is invalid\" aria-invalid=\"false\"  \/>\r\n    \r\n    \r\n<\/div>\n<div id=\"frm_field_15_container\" class=\"frm_form_field form-field  frm_top_container\">\r\n    <label for=\"field_6edov\" class=\"frm_primary_label\">Battle.net profil\r\n        <span class=\"frm_required\"><\/span>\r\n    <\/label>\r\n    <input type=\"text\" id=\"field_6edov\" name=\"item_meta[15]\" value=\"\"  data-invmsg=\"Text is invalid\" aria-invalid=\"false\"  \/>\r\n    \r\n    \r\n<\/div>\n<div id=\"frm_field_16_container\" class=\"frm_form_field form-field  frm_required_field frm_top_container vertical_radio\">\r\n    <label for=\"field_ovpjn\" class=\"frm_primary_label\">Koliko game-ova Starcraft odigrate tjedno?\r\n        <span class=\"frm_required\">*<\/span>\r\n    <\/label>\r\n    <div class=\"frm_opt_container\">\t\t<div class=\"frm_radio\" id=\"frm_radio_16-1\"><label for=\"field_ovpjn-1\">\t\t<input type=\"radio\" name=\"item_meta[16]\" id=\"field_ovpjn-1\" value=\"manje od 15\"\n\t\t   data-reqmsg=\"This field cannot be blank.\" aria-required=\"true\" data-invmsg=\"Koliko game-ova Starcraft odigrate tjedno? is invalid\" aria-invalid=\"false\"  \/> manje od 15<\/label><\/div>\n\t\t<div class=\"frm_radio\" id=\"frm_radio_16-4\"><label for=\"field_ovpjn-4\">\t\t<input type=\"radio\" name=\"item_meta[16]\" id=\"field_ovpjn-4\" value=\"15 do 30\"\n\t\t   data-reqmsg=\"This field cannot be blank.\" aria-required=\"true\" data-invmsg=\"Koliko game-ova Starcraft odigrate tjedno? is invalid\" aria-invalid=\"false\"  \/> 15 do 30<\/label><\/div>\n\t\t<div class=\"frm_radio\" id=\"frm_radio_16-8\"><label for=\"field_ovpjn-8\">\t\t<input type=\"radio\" name=\"item_meta[16]\" id=\"field_ovpjn-8\" value=\"vi\u0161e od 30\"\n\t\t   data-reqmsg=\"This field cannot be blank.\" aria-required=\"true\" data-invmsg=\"Koliko game-ova Starcraft odigrate tjedno? is invalid\" aria-invalid=\"false\"  \/> vi\u0161e od 30<\/label><\/div>\n<\/div>\r\n    \r\n    \r\n<\/div>\n<div id=\"frm_field_17_container\" class=\"frm_form_field form-field  frm_required_field frm_top_container vertical_radio\">\r\n    <label for=\"field_5dj3g\" class=\"frm_primary_label\">Kada igra\u0161 Starcraft, koje je to obi\u010dno vrijeme dana? \r\n        <span class=\"frm_required\">*<\/span>\r\n    <\/label>\r\n    <div class=\"frm_opt_container\">\t\t<div class=\"frm_radio\" id=\"frm_radio_17-0\"><label for=\"field_5dj3g-0\">\t\t<input type=\"radio\" name=\"item_meta[17]\" id=\"field_5dj3g-0\" value=\"ujutro do 12h\"\n\t\t   data-reqmsg=\"This field cannot be blank.\" aria-required=\"true\" data-invmsg=\"Kada igra\u0161 Starcraft, koje je to obi\u010dno vrijeme dana?  is invalid\" aria-invalid=\"false\"  \/> ujutro do 12h<\/label><\/div>\n\t\t<div class=\"frm_radio\" id=\"frm_radio_17-1\"><label for=\"field_5dj3g-1\">\t\t<input type=\"radio\" name=\"item_meta[17]\" id=\"field_5dj3g-1\" value=\"izme\u0111u 12 i 20h\"\n\t\t   data-reqmsg=\"This field cannot be blank.\" aria-required=\"true\" data-invmsg=\"Kada igra\u0161 Starcraft, koje je to obi\u010dno vrijeme dana?  is invalid\" aria-invalid=\"false\"  \/> izme\u0111u 12 i 20h<\/label><\/div>\n\t\t<div class=\"frm_radio\" id=\"frm_radio_17-2\"><label for=\"field_5dj3g-2\">\t\t<input type=\"radio\" name=\"item_meta[17]\" id=\"field_5dj3g-2\" value=\"od 18h do spavanja \"\n\t\t   data-reqmsg=\"This field cannot be blank.\" aria-required=\"true\" data-invmsg=\"Kada igra\u0161 Starcraft, koje je to obi\u010dno vrijeme dana?  is invalid\" aria-invalid=\"false\"  \/> od 18h do spavanja <\/label><\/div>\n\t\t<div class=\"frm_radio\" id=\"frm_radio_17-4\"><label for=\"field_5dj3g-4\">\t\t<input type=\"radio\" name=\"item_meta[17]\" id=\"field_5dj3g-4\" value=\"kako koji dan\"\n\t\t   data-reqmsg=\"This field cannot be blank.\" aria-required=\"true\" data-invmsg=\"Kada igra\u0161 Starcraft, koje je to obi\u010dno vrijeme dana?  is invalid\" aria-invalid=\"false\"  \/> kako koji dan<\/label><\/div>\n<\/div>\r\n    \r\n    \r\n<\/div>\n<div id=\"frm_field_21_container\" class=\"frm_form_field form-field  frm_required_field frm_top_container\">\r\n    <label for=\"field_vvkkm\" class=\"frm_primary_label\">Napi\u0161ite ne\u0161to o sebi (\u0161ta radite, studirate, hobiji, itd.)\r\n        <span class=\"frm_required\">*<\/span>\r\n    <\/label>\r\n    <textarea name=\"item_meta[21]\" id=\"field_vvkkm\" rows=\"5\"  data-reqmsg=\"This field cannot be blank.\" aria-required=\"true\" data-invmsg=\"Napi\u0161ite ne\u0161to o sebi (\u0161ta radite, studirate, hobiji, itd.) is invalid\" aria-invalid=\"false\"  ><\/textarea>\r\n    \r\n    \r\n<\/div>\n\t<input type=\"hidden\" name=\"item_key\" value=\"\" \/>\n\t<div class=\"frm_submit\">\r\n\r\n<button class=\"frm_button_submit\" type=\"submit\"  >Submit<\/button>\r\n\r\n<\/div><\/div>\n<\/fieldset>\n<\/div>\n<script type=\"text\/javascript\">var input = document.createElement('input');\n    input.setAttribute('type', 'hidden');\n    input.setAttribute('name', 'ct_checkjs_frm');\n    input.setAttribute('value', '464162164');\n    for (i = 0; i < document.forms.length; i++) {\n        if (typeof document.forms[i].id == 'string'){\n\t\t\tif(document.forms[i].id.search('form_gtvtn') != -1) {\n            document.forms[i].appendChild(input);\n\t\t\t}\n        }\n    }<\/script>\n<p style=\"display: none !important;\"><label>&#916;<textarea name=\"ak_hp_textarea\" cols=\"45\" rows=\"8\" maxlength=\"100\"><\/textarea><\/label><input type=\"hidden\" id=\"ak_js_1\" name=\"ak_js\" value=\"126\"\/><script>document.getElementById( \"ak_js_1\" ).setAttribute( \"value\", ( new Date() ).getTime() );<\/script><\/p><\/form>\n<\/div>\n\n\n\n<p><\/p>\n","protected":false},"excerpt":{"rendered":"<p>Dobrodo\u0161li na rekruting sekciju klana Starcraft Freaks Clan! Kako bi postali \u010dlanom na\u0161eg klana ispunite dolje prikazani formular:<\/p>\n","protected":false},"author":2,"featured_media":0,"parent":0,"menu_order":0,"comment_status":"closed","ping_status":"closed","template":"","meta":[],"_links":{"self":[{"href":"http:\/\/sfc.hcl.hr\/index.php\/wp-json\/wp\/v2\/pages\/80"}],"collection":[{"href":"http:\/\/sfc.hcl.hr\/index.php\/wp-json\/wp\/v2\/pages"}],"about":[{"href":"http:\/\/sfc.hcl.hr\/index.php\/wp-json\/wp\/v2\/types\/page"}],"author":[{"embeddable":true,"href":"http:\/\/sfc.hcl.hr\/index.php\/wp-json\/wp\/v2\/users\/2"}],"replies":[{"embeddable":true,"href":"http:\/\/sfc.hcl.hr\/index.php\/wp-json\/wp\/v2\/comments?post=80"}],"version-history":[{"count":2,"href":"http:\/\/sfc.hcl.hr\/index.php\/wp-json\/wp\/v2\/pages\/80\/revisions"}],"predecessor-version":[{"id":83,"href":"http:\/\/sfc.hcl.hr\/index.php\/wp-json\/wp\/v2\/pages\/80\/revisions\/83"}],"wp:attachment":[{"href":"http:\/\/sfc.hcl.hr\/index.php\/wp-json\/wp\/v2\/media?parent=80"}],"curies":[{"name":"wp","href":"https:\/\/api.w.org\/{rel}","templated":true}]}}